{"id":437,"date":"2021-10-13T17:30:45","date_gmt":"2021-10-13T17:30:45","guid":{"rendered":"https:\/\/apartments-komiza.net\/addon\/vila_senjkovic\/?page_id=437"},"modified":"2021-11-29T15:20:51","modified_gmt":"2021-11-29T15:20:51","slug":"","status":"publish","type":"page","link":"https:\/\/villa-bol.net\/hr\/galerija-slika\/","title":{"rendered":"","raw":""},"content":{"rendered":"\n<h2>Bol je najstarije obalno bra\u010dko naselje. \u017divi u osami ju\u017enih krajolika, u sredi\u0161njem dijelu ju\u017ene strane otoka, podno Bolske krune i Vidove gore &#8211; najvi\u0161eg oto\u010dnog uzvi\u0161enja i ujedno najvi\u0161eg vrha svih jadranskih otoka (778m).<\/h2>\n\n\n\n<figure class=\"wp-block-image\"><img src=\"https:\/\/www.bol.hr\/files\/Image\/rubrike\/o-bolu.jpg\" alt=\"O Bolu\"\/><\/figure>\n\n\n\n<p>Nekoliko se kilometara prote\u017ee uz sam morski rub. More je pred njim iznimno bistro, prozirni valovi doimlju se poput bru\u0161ena kristala. Bol obiluje privla\u010dnim pla\u017eama.&nbsp;Zapadno od Bola, pla\u017ea Zlatni rat jedna je od najve\u0107ih i najljep\u0161ih prirodnih atrakcija Jadrana. Poput jezi\u010dca pru\u017ea se gotovo pola kilometra u modrinu mora. Raste nano\u0161enjem i talo\u017eenjem sitnih \u0161ljun\u010danih oblutaka oko podmorskog grebena. Vr\u0161ak Zlatnog rata mijenja oblik nastoje\u0107i ugoditi volji valova i morskim strujanjima.&nbsp;S isto\u010dne strane Bola, na poluotoku Glavici, u sve\u010danom se miru uzdi\u017ee dominikanski samostan. Njegov muzej raspola\u017ee bogatom arheolo\u0161kom zbirkom te raznovrsnim vrijednim predmetima i slikama. Uz luku je oblikovana urbana jezgra Bola. Ondje se ni\u017eu barokni ljetnikovac, Lo\u017ea sa crkvicom, renesansno-barokna pala\u010da u kojoj je smje\u0161tena galerija umjetnina, \u017eupna crkva, pjaceta i Ka\u0161til. Stilske gra\u0111evine nenametljivo se uklapaju u skladnu cjelinu sklopova ku\u0107a izvorne pu\u010dke arhitekture.&nbsp;Zapadna strana mjesta izgra\u0111ena je u novije vrijeme. Na predjelima prema Zlatnom ratu smje\u0161teni su glavni bolski hoteli.&nbsp;Bol je lokalitet iznimne maritimne pogodnosti. Njegova obala s mno\u0161tvom kutaka mira i ugode pru\u017ea osje\u0107aj velikog slobodnog prostora, stvorena je za meditacijsko opu\u0161tanje i za aktivan odmor.&nbsp;Pod suncem obasjanim proplancima nastanjen je miris ljekovite kadulje i ru\u017emarina, a cvr\u010danje cvr\u010daka najdublja je iskonska muzika. Svaki posjetitelj u ovome kraju mo\u017ee na\u0107i djeli\u0107 vlastita u\u017eitka.<\/p>\n","protected":false,"raw":"<!-- wp:heading -->\n<h2>Bol je najstarije obalno bra\u010dko naselje. \u017divi u osami ju\u017enih krajolika, u sredi\u0161njem dijelu ju\u017ene strane otoka, podno Bolske krune i Vidove gore - najvi\u0161eg oto\u010dnog uzvi\u0161enja i ujedno najvi\u0161eg vrha svih jadranskih otoka (778m).<\/h2>\n<!-- \/wp:heading -->\n\n<!-- wp:image -->\n<figure class=\"wp-block-image\"><img src=\"https:\/\/www.bol.hr\/files\/Image\/rubrike\/o-bolu.jpg\" alt=\"O Bolu\"\/><\/figure>\n<!-- \/wp:image -->\n\n<!-- wp:paragraph -->\n<p>Nekoliko se kilometara prote\u017ee uz sam morski rub. More je pred njim iznimno bistro, prozirni valovi doimlju se poput bru\u0161ena kristala. Bol obiluje privla\u010dnim pla\u017eama.&nbsp;Zapadno od Bola, pla\u017ea Zlatni rat jedna je od najve\u0107ih i najljep\u0161ih prirodnih atrakcija Jadrana. Poput jezi\u010dca pru\u017ea se gotovo pola kilometra u modrinu mora. Raste nano\u0161enjem i talo\u017eenjem sitnih \u0161ljun\u010danih oblutaka oko podmorskog grebena. Vr\u0161ak Zlatnog rata mijenja oblik nastoje\u0107i ugoditi volji valova i morskim strujanjima.&nbsp;S isto\u010dne strane Bola, na poluotoku Glavici, u sve\u010danom se miru uzdi\u017ee dominikanski samostan. Njegov muzej raspola\u017ee bogatom arheolo\u0161kom zbirkom te raznovrsnim vrijednim predmetima i slikama. Uz luku je oblikovana urbana jezgra Bola. Ondje se ni\u017eu barokni ljetnikovac, Lo\u017ea sa crkvicom, renesansno-barokna pala\u010da u kojoj je smje\u0161tena galerija umjetnina, \u017eupna crkva, pjaceta i Ka\u0161til. Stilske gra\u0111evine nenametljivo se uklapaju u skladnu cjelinu sklopova ku\u0107a izvorne pu\u010dke arhitekture.&nbsp;Zapadna strana mjesta izgra\u0111ena je u novije vrijeme. Na predjelima prema Zlatnom ratu smje\u0161teni su glavni bolski hoteli.&nbsp;Bol je lokalitet iznimne maritimne pogodnosti. Njegova obala s mno\u0161tvom kutaka mira i ugode pru\u017ea osje\u0107aj velikog slobodnog prostora, stvorena je za meditacijsko opu\u0161tanje i za aktivan odmor.&nbsp;Pod suncem obasjanim proplancima nastanjen je miris ljekovite kadulje i ru\u017emarina, a cvr\u010danje cvr\u010daka najdublja je iskonska muzika. Svaki posjetitelj u ovome kraju mo\u017ee na\u0107i djeli\u0107 vlastita u\u017eitka.<\/p>\n<!-- \/wp:paragraph -->"},"excerpt":{"rendered":"","protected":false,"raw":""},"author":1,"featured_media":0,"parent":0,"menu_order":0,"comment_status":"closed","ping_status":"closed","template":"","meta":{"_en_post_content":"<!-- wp:heading -->\n<h2>Bol is the oldest coastal settlement on Bra\u010d. It exists in the solitude of the southern landscape, at the foot of the Bol crown and Vidova Gora \u2013 the highest island peak and at the same time the highest point of all Adriatic islands (778 m).<\/h2>\n<!-- \/wp:heading -->\n\n<!-- wp:image -->\n<figure class=\"wp-block-image\"><img src=\"https:\/\/www.bol.hr\/files\/Image\/rubrike\/o-bolu.jpg\" alt=\"About Bol\"\/><\/figure>\n<!-- \/wp:image -->\n\n<!-- wp:paragraph -->\n<p>It stretches few kilometers along the coast. The sea in front of it is crystal clear, transparent waves resemble a cut crystal.&nbsp;Bol has many beautiful beaches. To the west from Bol lies the beach Zlatni rat (Golden Horn) one of the largest and most beautiful attractions of the Adriatic. Like a small tongue it extends nearly half a kilometre into the clear blue sea.&nbsp;It \"grows\" with the depositing and sedimentation of small gravelly pebbles around the underwater reef. The point of the Zlatni rat (Golden horn) changes shape, attempting to conform to the will of the waves and gentle sea currents.&nbsp;Dominican monastery, rising in the holy peace is located on the east side of Bol, at the peninsula Glavica. Its museum has a rich archeological collection and diverse valuable objects and paintings.The urban core of Bol is shaped along the port. There are baroque summer residence, Loza with a little church, renaissancee-baroque palace with an art gallery inside it, parish church, little market and Kastil. Stylish buildings modestly fit the harmonious houses made in the original national architectural style\u2026&nbsp;The west side of the settlement has been built more recently. The mainhotels in Bol are located in the area towards Zlatni rat.&nbsp;Bol is a locality of exceptional maritime benefits. Its coast with numerous corners of peace and pleasures gives a feeling of a large free space, is created for meditation and relaxation but also for active holidays.&nbsp;The scent of medicinal sage and rosemary under the sunny slopes,and chirring of crickets is the deepest primeval music.&nbsp;In this area, each visitor will be able to enjoy himself\/herself.<\/p>\n<!-- \/wp:paragraph -->","_en_post_name":"galerija-slika","_en_post_excerpt":"","_en_post_title":"Bol","_hr_post_content":"<!-- wp:heading -->\n<h2>Bol je najstarije obalno bra\u010dko naselje. \u017divi u osami ju\u017enih krajolika, u sredi\u0161njem dijelu ju\u017ene strane otoka, podno Bolske krune i Vidove gore - najvi\u0161eg oto\u010dnog uzvi\u0161enja i ujedno najvi\u0161eg vrha svih jadranskih otoka (778m).<\/h2>\n<!-- \/wp:heading -->\n\n<!-- wp:image -->\n<figure class=\"wp-block-image\"><img src=\"https:\/\/www.bol.hr\/files\/Image\/rubrike\/o-bolu.jpg\" alt=\"O Bolu\"\/><\/figure>\n<!-- \/wp:image -->\n\n<!-- wp:paragraph -->\n<p>Nekoliko se kilometara prote\u017ee uz sam morski rub. More je pred njim iznimno bistro, prozirni valovi doimlju se poput bru\u0161ena kristala. Bol obiluje privla\u010dnim pla\u017eama.&nbsp;Zapadno od Bola, pla\u017ea Zlatni rat jedna je od najve\u0107ih i najljep\u0161ih prirodnih atrakcija Jadrana. Poput jezi\u010dca pru\u017ea se gotovo pola kilometra u modrinu mora. Raste nano\u0161enjem i talo\u017eenjem sitnih \u0161ljun\u010danih oblutaka oko podmorskog grebena. Vr\u0161ak Zlatnog rata mijenja oblik nastoje\u0107i ugoditi volji valova i morskim strujanjima.&nbsp;S isto\u010dne strane Bola, na poluotoku Glavici, u sve\u010danom se miru uzdi\u017ee dominikanski samostan. Njegov muzej raspola\u017ee bogatom arheolo\u0161kom zbirkom te raznovrsnim vrijednim predmetima i slikama. Uz luku je oblikovana urbana jezgra Bola. Ondje se ni\u017eu barokni ljetnikovac, Lo\u017ea sa crkvicom, renesansno-barokna pala\u010da u kojoj je smje\u0161tena galerija umjetnina, \u017eupna crkva, pjaceta i Ka\u0161til. Stilske gra\u0111evine nenametljivo se uklapaju u skladnu cjelinu sklopova ku\u0107a izvorne pu\u010dke arhitekture.&nbsp;Zapadna strana mjesta izgra\u0111ena je u novije vrijeme. Na predjelima prema Zlatnom ratu smje\u0161teni su glavni bolski hoteli.&nbsp;Bol je lokalitet iznimne maritimne pogodnosti. Njegova obala s mno\u0161tvom kutaka mira i ugode pru\u017ea osje\u0107aj velikog slobodnog prostora, stvorena je za meditacijsko opu\u0161tanje i za aktivan odmor.&nbsp;Pod suncem obasjanim proplancima nastanjen je miris ljekovite kadulje i ru\u017emarina, a cvr\u010danje cvr\u010daka najdublja je iskonska muzika. Svaki posjetitelj u ovome kraju mo\u017ee na\u0107i djeli\u0107 vlastita u\u017eitka.<\/p>\n<!-- \/wp:paragraph -->","_hr_post_name":"","_hr_post_excerpt":"","_hr_post_title":"","edit_language":"hr"},"yoast_head":"<!-- This site is optimized with the Yoast SEO plugin v18.4.1 - https:\/\/yoast.com\/wordpress\/plugins\/seo\/ -->\n<title>Bol - Villa Senjkovi\u0107, Bol, Bra\u010d | Private Accommodation<\/title>\n<meta name=\"robots\" content=\"index, follow, max-snippet:-1, max-image-preview:large, max-video-preview:-1\" \/>\n<link rel=\"canonical\" href=\"https:\/\/villa-bol.net\/galerija-slika\/\" \/>\n<meta property=\"og:locale\" content=\"hr_HR\" \/>\n<meta property=\"og:type\" content=\"article\" \/>\n<meta property=\"og:title\" content=\"Bol - Villa Senjkovi\u0107, Bol, Bra\u010d | Private Accommodation\" \/>\n<meta property=\"og:description\" content=\"Bol is the oldest coastal settlement on Bra\u010d. It exists in the [&hellip;]\" \/>\n<meta property=\"og:url\" content=\"https:\/\/villa-bol.net\/galerija-slika\/\" \/>\n<meta property=\"og:site_name\" content=\"Villa Senjkovi\u0107, Bol, Bra\u010d | Private Accommodation\" \/>\n<meta property=\"article:modified_time\" content=\"2021-11-29T15:20:51+00:00\" \/>\n<meta property=\"og:image\" content=\"https:\/\/www.bol.hr\/files\/Image\/rubrike\/o-bolu.jpg\" \/>\n<meta name=\"twitter:card\" content=\"summary_large_image\" \/>\n<meta name=\"twitter:label1\" content=\"Procijenjeno vrijeme \u010ditanja\" \/>\n\t<meta name=\"twitter:data1\" content=\"2 minutes\" \/>\n<script type=\"application\/ld+json\" class=\"yoast-schema-graph\">{\"@context\":\"https:\/\/schema.org\",\"@graph\":[{\"@type\":\"WebSite\",\"@id\":\"https:\/\/villa-bol.net\/#website\",\"url\":\"https:\/\/villa-bol.net\/\",\"name\":\"Villa Senjkovi\u0107, Bol, Bra\u010d | Private Accommodation\",\"description\":\"Villa Senjkovi\u0107, Bol, Bra\u010d | Private Accommodation\",\"potentialAction\":[{\"@type\":\"SearchAction\",\"target\":{\"@type\":\"EntryPoint\",\"urlTemplate\":\"https:\/\/villa-bol.net\/?s={search_term_string}\"},\"query-input\":\"required name=search_term_string\"}],\"inLanguage\":\"hr\"},{\"@type\":\"ImageObject\",\"@id\":\"https:\/\/villa-bol.net\/galerija-slika\/#primaryimage\",\"inLanguage\":\"hr\",\"url\":\"https:\/\/www.bol.hr\/files\/Image\/rubrike\/o-bolu.jpg\",\"contentUrl\":\"https:\/\/www.bol.hr\/files\/Image\/rubrike\/o-bolu.jpg\"},{\"@type\":\"WebPage\",\"@id\":\"https:\/\/villa-bol.net\/galerija-slika\/#webpage\",\"url\":\"https:\/\/villa-bol.net\/galerija-slika\/\",\"name\":\"Bol - Villa Senjkovi\u0107, Bol, Bra\u010d | Private Accommodation\",\"isPartOf\":{\"@id\":\"https:\/\/villa-bol.net\/#website\"},\"primaryImageOfPage\":{\"@id\":\"https:\/\/villa-bol.net\/galerija-slika\/#primaryimage\"},\"datePublished\":\"2021-10-13T17:30:45+00:00\",\"dateModified\":\"2021-11-29T15:20:51+00:00\",\"breadcrumb\":{\"@id\":\"https:\/\/villa-bol.net\/galerija-slika\/#breadcrumb\"},\"inLanguage\":\"hr\",\"potentialAction\":[{\"@type\":\"ReadAction\",\"target\":[\"https:\/\/villa-bol.net\/galerija-slika\/\"]}]},{\"@type\":\"BreadcrumbList\",\"@id\":\"https:\/\/villa-bol.net\/galerija-slika\/#breadcrumb\",\"itemListElement\":[{\"@type\":\"ListItem\",\"position\":1,\"name\":\"Home\",\"item\":\"https:\/\/villa-bol.net\/\"},{\"@type\":\"ListItem\",\"position\":2,\"name\":\"Bol\"}]}]}<\/script>\n<!-- \/ Yoast SEO plugin. -->","yoast_head_json":{"title":"Bol - Villa Senjkovi\u0107, Bol, Bra\u010d | Private Accommodation","robots":{"index":"index","follow":"follow","max-snippet":"max-snippet:-1","max-image-preview":"max-image-preview:large","max-video-preview":"max-video-preview:-1"},"canonical":"https:\/\/villa-bol.net\/galerija-slika\/","og_locale":"hr_HR","og_type":"article","og_title":"Bol - Villa Senjkovi\u0107, Bol, Bra\u010d | Private Accommodation","og_description":"Bol is the oldest coastal settlement on Bra\u010d. It exists in the [&hellip;]","og_url":"https:\/\/villa-bol.net\/galerija-slika\/","og_site_name":"Villa Senjkovi\u0107, Bol, Bra\u010d | Private Accommodation","article_modified_time":"2021-11-29T15:20:51+00:00","og_image":[{"url":"https:\/\/www.bol.hr\/files\/Image\/rubrike\/o-bolu.jpg"}],"twitter_card":"summary_large_image","twitter_misc":{"Procijenjeno vrijeme \u010ditanja":"2 minutes"},"schema":{"@context":"https:\/\/schema.org","@graph":[{"@type":"WebSite","@id":"https:\/\/villa-bol.net\/#website","url":"https:\/\/villa-bol.net\/","name":"Villa Senjkovi\u0107, Bol, Bra\u010d | Private Accommodation","description":"Villa Senjkovi\u0107, Bol, Bra\u010d | Private Accommodation","potentialAction":[{"@type":"SearchAction","target":{"@type":"EntryPoint","urlTemplate":"https:\/\/villa-bol.net\/?s={search_term_string}"},"query-input":"required name=search_term_string"}],"inLanguage":"hr"},{"@type":"ImageObject","@id":"https:\/\/villa-bol.net\/galerija-slika\/#primaryimage","inLanguage":"hr","url":"https:\/\/www.bol.hr\/files\/Image\/rubrike\/o-bolu.jpg","contentUrl":"https:\/\/www.bol.hr\/files\/Image\/rubrike\/o-bolu.jpg"},{"@type":"WebPage","@id":"https:\/\/villa-bol.net\/galerija-slika\/#webpage","url":"https:\/\/villa-bol.net\/galerija-slika\/","name":"Bol - Villa Senjkovi\u0107, Bol, Bra\u010d | Private Accommodation","isPartOf":{"@id":"https:\/\/villa-bol.net\/#website"},"primaryImageOfPage":{"@id":"https:\/\/villa-bol.net\/galerija-slika\/#primaryimage"},"datePublished":"2021-10-13T17:30:45+00:00","dateModified":"2021-11-29T15:20:51+00:00","breadcrumb":{"@id":"https:\/\/villa-bol.net\/galerija-slika\/#breadcrumb"},"inLanguage":"hr","potentialAction":[{"@type":"ReadAction","target":["https:\/\/villa-bol.net\/galerija-slika\/"]}]},{"@type":"BreadcrumbList","@id":"https:\/\/villa-bol.net\/galerija-slika\/#breadcrumb","itemListElement":[{"@type":"ListItem","position":1,"name":"Home","item":"https:\/\/villa-bol.net\/"},{"@type":"ListItem","position":2,"name":"Bol"}]}]}},"_links":{"self":[{"href":"https:\/\/villa-bol.net\/hr\/wp-json\/wp\/v2\/pages\/437"}],"collection":[{"href":"https:\/\/villa-bol.net\/hr\/wp-json\/wp\/v2\/pages"}],"about":[{"href":"https:\/\/villa-bol.net\/hr\/wp-json\/wp\/v2\/types\/page"}],"author":[{"embeddable":true,"href":"https:\/\/villa-bol.net\/hr\/wp-json\/wp\/v2\/users\/1"}],"replies":[{"embeddable":true,"href":"https:\/\/villa-bol.net\/hr\/wp-json\/wp\/v2\/comments?post=437"}],"version-history":[{"count":16,"href":"https:\/\/villa-bol.net\/hr\/wp-json\/wp\/v2\/pages\/437\/revisions"}],"predecessor-version":[{"id":881,"href":"https:\/\/villa-bol.net\/hr\/wp-json\/wp\/v2\/pages\/437\/revisions\/881"}],"wp:attachment":[{"href":"https:\/\/villa-bol.net\/hr\/wp-json\/wp\/v2\/media?parent=437"}],"curies":[{"name":"wp","href":"https:\/\/api.w.org\/{rel}","templated":true}]}}